{"id":372,"date":"2026-03-27T21:49:42","date_gmt":"2026-03-27T20:49:42","guid":{"rendered":"https:\/\/locationdevelos.fr\/accueil\/?page_id=372"},"modified":"2026-03-27T21:57:09","modified_gmt":"2026-03-27T20:57:09","slug":"mention-legales","status":"publish","type":"page","link":"https:\/\/locationdevelos.fr\/accueil\/mention-legales\/","title":{"rendered":"Mentions l\u00e9gales"},"content":{"rendered":"\t\t<div data-elementor-type=\"wp-page\" data-elementor-id=\"372\" class=\"elementor elementor-372\">\n\t\t\t\t<div class=\"elementor-element elementor-element-2a528c1 e-flex e-con-boxed e-con e-parent\" data-id=\"2a528c1\" data-element_type=\"container\" data-e-type=\"container\">\n\t\t\t\t\t<div class=\"e-con-inner\">\n\t\t\t\t<div class=\"elementor-element elementor-element-eb99908 elementor-widget elementor-widget-heading\" data-id=\"eb99908\" data-element_type=\"widget\" data-e-type=\"widget\" data-widget_type=\"heading.default\">\n\t\t\t\t<div class=\"elementor-widget-container\">\n\t\t\t\t\t<h2 class=\"elementor-heading-title elementor-size-default\">Mentions l\u00e9gales<\/h2>\t\t\t\t<\/div>\n\t\t\t\t<\/div>\n\t\t\t\t<div class=\"elementor-element elementor-element-a06b887 elementor-widget elementor-widget-text-editor\" data-id=\"a06b887\" data-element_type=\"widget\" data-e-type=\"widget\" data-widget_type=\"text-editor.default\">\n\t\t\t\t<div class=\"elementor-widget-container\">\n\t\t\t\t\t\t\t\t\t<h2>\u00c9dition du site Internet :<\/h2><p>Le nom de domaine www.locationdevelos.fr appartient \u00e0 la soci\u00e9t\u00e9 Jame Retail.<br \/>Ce site est \u00e9dit\u00e9 par\u00a0la soci\u00e9t\u00e9 Jame Retail \u2013 Email : hello@locationdevelos.fr.<\/p><h2>Statut administratif et juridique :<\/h2><p>Jame Retail est une EURL au capital de 2000\u20ac dont le si\u00e8ge social est situ\u00e9 53, quai de l\u2019Yser 29100 Douarnenez.<br \/>Identifiant SIRET : 88290244800019<br \/>Email : hello@locationdevelos.fr<\/p><h2>Conception et r\u00e9f\u00e9rencement du site internet :<\/h2><p>Jame Retail<br \/>Email : hello@locationdevelos.fr<\/p><h2>Propri\u00e9t\u00e9 intellectuelle :<\/h2><p>La marque et le logo Locationdevelos.fr sont d\u00e9pos\u00e9s \u00e0 l\u2019Institut National de la Propri\u00e9t\u00e9 Intellectuelle. Toute utilisation ou reproduction est interdite.<\/p><h2>H\u00e9bergement du site :<\/h2><p>Le site www.velonova.fr est h\u00e9berg\u00e9 par la soci\u00e9t\u00e9 LWS<br \/>SARL au capital de 500 000 \u20ac RCS Paris B 851 993 683 00024<br \/>10, RUE PENTHIEVRE<br \/>75008 PARIS<br \/>FRANCE<\/p><h2>Conditions d\u2019utilisations<\/h2><h3>Informatique et libert\u00e9s<\/h3><p>En application de la loi n\u00b078-17 du 6 janvier 1978 relative \u00e0 l\u2019informatique, aux fichiers et aux libert\u00e9s, chaque internaute ayant d\u00e9pos\u00e9 des informations nominatives le concernant sur le Site dispose des droits d\u2019opposition (article 38 de la loi), d\u2019acc\u00e8s (articles 39, 41 et 42 de la loi) et de rectification (article 40 de la loi) de ces donn\u00e9es.<br \/>Ainsi, il peut exiger que soient rectifi\u00e9es, compl\u00e9t\u00e9es, clarifi\u00e9es, mises \u00e0 jour ou effac\u00e9es les informations le concernant qui sont inexactes, incompl\u00e8tes, \u00e9quivoques, p\u00e9rim\u00e9es, ou dont la collecte ou l\u2019utilisation, la communication ou la conservation est interdite.<\/p><h3>Propri\u00e9t\u00e9 intellectuelle \/ Droits conc\u00e9d\u00e9s aux utilisateurs<\/h3><p>Tous les \u00e9l\u00e9ments du site, qu\u2019ils soient visuels ou sonores, sont prot\u00e9g\u00e9s par le droit d\u2019auteur.<br \/>Le site locationdevelos.fr est le titulaire exclusif de tous les droits de propri\u00e9t\u00e9 intellectuelle portant sur le contenu du site.<br \/>Locationdevelos.fr interdit \u00e0 l\u2019utilisateur de reproduire tout ou partie du contenu du site \u00e0 des fins de publication personnelle ou de duplication, en un exemplaire.<br \/>Ce droit est consenti dans le cadre d\u2019un usage strictement personnel, priv\u00e9 et non collectif, toute mise en r\u00e9seau, toute rediffusion ou commercialisation totale ou partielle de ce contenu, aupr\u00e8s des tiers, sous quelque forme que ce soit, \u00e9tant strictement interdite.<br \/>L\u2019internaute s\u2019interdit de reproduire et\/ou d\u2019utiliser les marques et logos pr\u00e9sents sur le site, ainsi que de modifier, copier, traduire, reproduire, vendre, publier, exploiter et diffuser dans un format num\u00e9rique ou autre, tout ou partie des informations, textes, photos, images, vid\u00e9os et donn\u00e9es pr\u00e9sentes sur ce site.<\/p><h3>Contenu<\/h3><p>Les informations pr\u00e9sent\u00e9es sur ce site sont donn\u00e9es \u00e0 titre indicatif, sur la base des informations communiqu\u00e9es par les fournisseurs, et sous r\u00e9serve d\u2019erreur typographique.\u00a0<\/p><h3>Google analytics<\/h3><p>Ce site utilise Google Analytics, un service d\u2019analyse de sites internet fourni par Google Inc. (\u00ab Google \u00bb). Google Analytics utilise des cookies, qui sont des fichiers textes plac\u00e9s sur votre ordinateur, pour aider le site internet \u00e0 analyser l\u2019utilisation du site par ses utilisateurs. Les donn\u00e9es g\u00e9n\u00e9r\u00e9es par les cookies concernant votre utilisation du site (y compris votre adresse IP) seront transmises et stock\u00e9es par Google sur des serveurs situ\u00e9s aux \u00c9tats-Unis.<br \/>Google utilisera cette information dans le but d\u2019\u00e9valuer votre utilisation du site, de compiler des rapports sur l\u2019activit\u00e9 du site \u00e0 destination de son \u00e9diteur et de fournir d\u2019autres services relatifs \u00e0 l\u2019activit\u00e9 du site et \u00e0 l\u2019utilisation d\u2019Internet.<br \/>Google est susceptible de communiquer ces donn\u00e9es \u00e0 des tiers en cas d\u2019obligations l\u00e9gales ou lorsque ces tiers traitent ces donn\u00e9es pour le compte de Google, y compris notamment l\u2019\u00e9diteur de ce site.<br \/>Vous pouvez d\u00e9sactiver l\u2019utilisation de cookies en s\u00e9lectionnant les param\u00e8tres appropri\u00e9s de votre navigateur. Cependant, une telle d\u00e9sactivation pourrait emp\u00eacher l\u2019utilisation de certaines fonctionnalit\u00e9s de ce site. En utilisant ce site internet, vous consentez express\u00e9ment au traitement de vos donn\u00e9es nominatives par Google dans les conditions et pour les finalit\u00e9s d\u00e9crites ci-dessus.<\/p>\t\t\t\t\t\t\t\t<\/div>\n\t\t\t\t<\/div>\n\t\t\t\t\t<\/div>\n\t\t\t\t<\/div>\n\t\t\t\t<\/div>\n\t\t","protected":false},"excerpt":{"rendered":"<p>Mentions l\u00e9gales \u00c9dition du site Internet : Le nom de domaine www.locationdevelos.fr appartient \u00e0 la soci\u00e9t\u00e9 Jame Retail.Ce site est \u00e9dit\u00e9 par\u00a0la soci\u00e9t\u00e9 Jame Retail \u2013 Email : hello@locationdevelos.fr. Statut administratif et juridique : Jame Retail est une EURL au capital de 2000\u20ac dont le si\u00e8ge social est situ\u00e9 53, quai de l\u2019Yser 29100 Douarnenez.Identifiant [&hellip;]<\/p>\n","protected":false},"author":1,"featured_media":0,"parent":0,"menu_order":0,"comment_status":"closed","ping_status":"closed","template":"","meta":{"_eb_attr":"","ocean_post_layout":"","ocean_both_sidebars_style":"","ocean_both_sidebars_content_width":0,"ocean_both_sidebars_sidebars_width":0,"ocean_sidebar":"","ocean_second_sidebar":"","ocean_disable_margins":"on","ocean_add_body_class":"","ocean_shortcode_before_top_bar":"","ocean_shortcode_after_top_bar":"","ocean_shortcode_before_header":"","ocean_shortcode_after_header":"","ocean_has_shortcode":"","ocean_shortcode_after_title":"","ocean_shortcode_before_footer_widgets":"","ocean_shortcode_after_footer_widgets":"","ocean_shortcode_before_footer_bottom":"","ocean_shortcode_after_footer_bottom":"","ocean_display_top_bar":"default","ocean_display_header":"default","ocean_header_style":"","ocean_center_header_left_menu":"","ocean_custom_header_template":"","ocean_custom_logo":0,"ocean_custom_retina_logo":0,"ocean_custom_logo_max_width":0,"ocean_custom_logo_tablet_max_width":0,"ocean_custom_logo_mobile_max_width":0,"ocean_custom_logo_max_height":0,"ocean_custom_logo_tablet_max_height":0,"ocean_custom_logo_mobile_max_height":0,"ocean_header_custom_menu":"","ocean_menu_typo_font_family":"","ocean_menu_typo_font_subset":"","ocean_menu_typo_font_size":0,"ocean_menu_typo_font_size_tablet":0,"ocean_menu_typo_font_size_mobile":0,"ocean_menu_typo_font_size_unit":"px","ocean_menu_typo_font_weight":"","ocean_menu_typo_font_weight_tablet":"","ocean_menu_typo_font_weight_mobile":"","ocean_menu_typo_transform":"","ocean_menu_typo_transform_tablet":"","ocean_menu_typo_transform_mobile":"","ocean_menu_typo_line_height":0,"ocean_menu_typo_line_height_tablet":0,"ocean_menu_typo_line_height_mobile":0,"ocean_menu_typo_line_height_unit":"","ocean_menu_typo_spacing":0,"ocean_menu_typo_spacing_tablet":0,"ocean_menu_typo_spacing_mobile":0,"ocean_menu_typo_spacing_unit":"","ocean_menu_link_color":"","ocean_menu_link_color_hover":"","ocean_menu_link_color_active":"","ocean_menu_link_background":"","ocean_menu_link_hover_background":"","ocean_menu_link_active_background":"","ocean_menu_social_links_bg":"","ocean_menu_social_hover_links_bg":"","ocean_menu_social_links_color":"","ocean_menu_social_hover_links_color":"","ocean_disable_title":"on","ocean_disable_heading":"default","ocean_post_title":"","ocean_post_subheading":"","ocean_post_title_style":"","ocean_post_title_background_color":"","ocean_post_title_background":0,"ocean_post_title_bg_image_position":"","ocean_post_title_bg_image_attachment":"","ocean_post_title_bg_image_repeat":"","ocean_post_title_bg_image_size":"","ocean_post_title_height":0,"ocean_post_title_bg_overlay":0.5,"ocean_post_title_bg_overlay_color":"","ocean_disable_breadcrumbs":"off","ocean_breadcrumbs_color":"","ocean_breadcrumbs_separator_color":"","ocean_breadcrumbs_links_color":"","ocean_breadcrumbs_links_hover_color":"","ocean_display_footer_widgets":"default","ocean_display_footer_bottom":"default","ocean_custom_footer_template":"","_themeisle_gutenberg_block_has_review":false,"footnotes":""},"class_list":["post-372","page","type-page","status-publish","hentry","entry"],"yoast_head":"<!-- This site is optimized with the Yoast SEO plugin v27.4 - https:\/\/yoast.com\/product\/yoast-seo-wordpress\/ -->\n<title>Mentions l\u00e9gales - Location de v\u00e9los autour de Quimper<\/title>\n<meta name=\"robots\" content=\"index, follow, max-snippet:-1, max-image-preview:large, max-video-preview:-1\" \/>\n<link rel=\"canonical\" href=\"https:\/\/locationdevelos.fr\/accueil\/mention-legales\/\" \/>\n<meta property=\"og:locale\" content=\"fr_FR\" \/>\n<meta property=\"og:type\" content=\"article\" \/>\n<meta property=\"og:title\" content=\"Mentions l\u00e9gales - Location de v\u00e9los autour de Quimper\" \/>\n<meta property=\"og:description\" content=\"Mentions l\u00e9gales \u00c9dition du site Internet : Le nom de domaine www.locationdevelos.fr appartient \u00e0 la soci\u00e9t\u00e9 Jame Retail.Ce site est \u00e9dit\u00e9 par\u00a0la soci\u00e9t\u00e9 Jame Retail \u2013 Email : hello@locationdevelos.fr. Statut administratif et juridique : Jame Retail est une EURL au capital de 2000\u20ac dont le si\u00e8ge social est situ\u00e9 53, quai de l\u2019Yser 29100 Douarnenez.Identifiant [&hellip;]\" \/>\n<meta property=\"og:url\" content=\"https:\/\/locationdevelos.fr\/accueil\/mention-legales\/\" \/>\n<meta property=\"og:site_name\" content=\"Location de v\u00e9los autour de Quimper\" \/>\n<meta property=\"article:modified_time\" content=\"2026-03-27T20:57:09+00:00\" \/>\n<meta name=\"twitter:card\" content=\"summary_large_image\" \/>\n<meta name=\"twitter:label1\" content=\"Dur\u00e9e de lecture estim\u00e9e\" \/>\n\t<meta name=\"twitter:data1\" content=\"4 minutes\" \/>\n<script type=\"application\/ld+json\" class=\"yoast-schema-graph\">{\"@context\":\"https:\\\/\\\/schema.org\",\"@graph\":[{\"@type\":\"WebPage\",\"@id\":\"https:\\\/\\\/locationdevelos.fr\\\/accueil\\\/mention-legales\\\/\",\"url\":\"https:\\\/\\\/locationdevelos.fr\\\/accueil\\\/mention-legales\\\/\",\"name\":\"Mentions l\u00e9gales - Location de v\u00e9los autour de Quimper\",\"isPartOf\":{\"@id\":\"https:\\\/\\\/locationdevelos.fr\\\/accueil\\\/#website\"},\"datePublished\":\"2026-03-27T20:49:42+00:00\",\"dateModified\":\"2026-03-27T20:57:09+00:00\",\"breadcrumb\":{\"@id\":\"https:\\\/\\\/locationdevelos.fr\\\/accueil\\\/mention-legales\\\/#breadcrumb\"},\"inLanguage\":\"fr-FR\",\"potentialAction\":[{\"@type\":\"ReadAction\",\"target\":[\"https:\\\/\\\/locationdevelos.fr\\\/accueil\\\/mention-legales\\\/\"]}]},{\"@type\":\"BreadcrumbList\",\"@id\":\"https:\\\/\\\/locationdevelos.fr\\\/accueil\\\/mention-legales\\\/#breadcrumb\",\"itemListElement\":[{\"@type\":\"ListItem\",\"position\":1,\"name\":\"Home\",\"item\":\"https:\\\/\\\/locationdevelos.fr\\\/accueil\\\/\"},{\"@type\":\"ListItem\",\"position\":2,\"name\":\"Mentions l\u00e9gales\"}]},{\"@type\":\"WebSite\",\"@id\":\"https:\\\/\\\/locationdevelos.fr\\\/accueil\\\/#website\",\"url\":\"https:\\\/\\\/locationdevelos.fr\\\/accueil\\\/\",\"name\":\"Location de v\u00e9los autour de Quimper\",\"description\":\"Votre v\u00e9lo de location livr\u00e9e en Finist\u00e8re Sud.\",\"publisher\":{\"@id\":\"https:\\\/\\\/locationdevelos.fr\\\/accueil\\\/#organization\"},\"alternateName\":\"Locationdev\u00e9los.fr\",\"potentialAction\":[{\"@type\":\"SearchAction\",\"target\":{\"@type\":\"EntryPoint\",\"urlTemplate\":\"https:\\\/\\\/locationdevelos.fr\\\/accueil\\\/?s={search_term_string}\"},\"query-input\":{\"@type\":\"PropertyValueSpecification\",\"valueRequired\":true,\"valueName\":\"search_term_string\"}}],\"inLanguage\":\"fr-FR\"},{\"@type\":\"Organization\",\"@id\":\"https:\\\/\\\/locationdevelos.fr\\\/accueil\\\/#organization\",\"name\":\"Location de v\u00e9los autour de Quimper\",\"url\":\"https:\\\/\\\/locationdevelos.fr\\\/accueil\\\/\",\"logo\":{\"@type\":\"ImageObject\",\"inLanguage\":\"fr-FR\",\"@id\":\"https:\\\/\\\/locationdevelos.fr\\\/accueil\\\/#\\\/schema\\\/logo\\\/image\\\/\",\"url\":\"https:\\\/\\\/locationdevelos.fr\\\/wp-content\\\/uploads\\\/2026\\\/03\\\/cropped-logo-site-locationdevelos.fr_-e1774348001507.jpg\",\"contentUrl\":\"https:\\\/\\\/locationdevelos.fr\\\/wp-content\\\/uploads\\\/2026\\\/03\\\/cropped-logo-site-locationdevelos.fr_-e1774348001507.jpg\",\"width\":45,\"height\":45,\"caption\":\"Location de v\u00e9los autour de Quimper\"},\"image\":{\"@id\":\"https:\\\/\\\/locationdevelos.fr\\\/accueil\\\/#\\\/schema\\\/logo\\\/image\\\/\"}}]}<\/script>\n<!-- \/ Yoast SEO plugin. -->","yoast_head_json":{"title":"Mentions l\u00e9gales - Location de v\u00e9los autour de Quimper","robots":{"index":"index","follow":"follow","max-snippet":"max-snippet:-1","max-image-preview":"max-image-preview:large","max-video-preview":"max-video-preview:-1"},"canonical":"https:\/\/locationdevelos.fr\/accueil\/mention-legales\/","og_locale":"fr_FR","og_type":"article","og_title":"Mentions l\u00e9gales - Location de v\u00e9los autour de Quimper","og_description":"Mentions l\u00e9gales \u00c9dition du site Internet : Le nom de domaine www.locationdevelos.fr appartient \u00e0 la soci\u00e9t\u00e9 Jame Retail.Ce site est \u00e9dit\u00e9 par\u00a0la soci\u00e9t\u00e9 Jame Retail \u2013 Email : hello@locationdevelos.fr. Statut administratif et juridique : Jame Retail est une EURL au capital de 2000\u20ac dont le si\u00e8ge social est situ\u00e9 53, quai de l\u2019Yser 29100 Douarnenez.Identifiant [&hellip;]","og_url":"https:\/\/locationdevelos.fr\/accueil\/mention-legales\/","og_site_name":"Location de v\u00e9los autour de Quimper","article_modified_time":"2026-03-27T20:57:09+00:00","twitter_card":"summary_large_image","twitter_misc":{"Dur\u00e9e de lecture estim\u00e9e":"4 minutes"},"schema":{"@context":"https:\/\/schema.org","@graph":[{"@type":"WebPage","@id":"https:\/\/locationdevelos.fr\/accueil\/mention-legales\/","url":"https:\/\/locationdevelos.fr\/accueil\/mention-legales\/","name":"Mentions l\u00e9gales - Location de v\u00e9los autour de Quimper","isPartOf":{"@id":"https:\/\/locationdevelos.fr\/accueil\/#website"},"datePublished":"2026-03-27T20:49:42+00:00","dateModified":"2026-03-27T20:57:09+00:00","breadcrumb":{"@id":"https:\/\/locationdevelos.fr\/accueil\/mention-legales\/#breadcrumb"},"inLanguage":"fr-FR","potentialAction":[{"@type":"ReadAction","target":["https:\/\/locationdevelos.fr\/accueil\/mention-legales\/"]}]},{"@type":"BreadcrumbList","@id":"https:\/\/locationdevelos.fr\/accueil\/mention-legales\/#breadcrumb","itemListElement":[{"@type":"ListItem","position":1,"name":"Home","item":"https:\/\/locationdevelos.fr\/accueil\/"},{"@type":"ListItem","position":2,"name":"Mentions l\u00e9gales"}]},{"@type":"WebSite","@id":"https:\/\/locationdevelos.fr\/accueil\/#website","url":"https:\/\/locationdevelos.fr\/accueil\/","name":"Location de v\u00e9los autour de Quimper","description":"Votre v\u00e9lo de location livr\u00e9e en Finist\u00e8re Sud.","publisher":{"@id":"https:\/\/locationdevelos.fr\/accueil\/#organization"},"alternateName":"Locationdev\u00e9los.fr","potentialAction":[{"@type":"SearchAction","target":{"@type":"EntryPoint","urlTemplate":"https:\/\/locationdevelos.fr\/accueil\/?s={search_term_string}"},"query-input":{"@type":"PropertyValueSpecification","valueRequired":true,"valueName":"search_term_string"}}],"inLanguage":"fr-FR"},{"@type":"Organization","@id":"https:\/\/locationdevelos.fr\/accueil\/#organization","name":"Location de v\u00e9los autour de Quimper","url":"https:\/\/locationdevelos.fr\/accueil\/","logo":{"@type":"ImageObject","inLanguage":"fr-FR","@id":"https:\/\/locationdevelos.fr\/accueil\/#\/schema\/logo\/image\/","url":"https:\/\/locationdevelos.fr\/wp-content\/uploads\/2026\/03\/cropped-logo-site-locationdevelos.fr_-e1774348001507.jpg","contentUrl":"https:\/\/locationdevelos.fr\/wp-content\/uploads\/2026\/03\/cropped-logo-site-locationdevelos.fr_-e1774348001507.jpg","width":45,"height":45,"caption":"Location de v\u00e9los autour de Quimper"},"image":{"@id":"https:\/\/locationdevelos.fr\/accueil\/#\/schema\/logo\/image\/"}}]}},"_links":{"self":[{"href":"https:\/\/locationdevelos.fr\/accueil\/wp-json\/wp\/v2\/pages\/372","targetHints":{"allow":["GET"]}}],"collection":[{"href":"https:\/\/locationdevelos.fr\/accueil\/wp-json\/wp\/v2\/pages"}],"about":[{"href":"https:\/\/locationdevelos.fr\/accueil\/wp-json\/wp\/v2\/types\/page"}],"author":[{"embeddable":true,"href":"https:\/\/locationdevelos.fr\/accueil\/wp-json\/wp\/v2\/users\/1"}],"replies":[{"embeddable":true,"href":"https:\/\/locationdevelos.fr\/accueil\/wp-json\/wp\/v2\/comments?post=372"}],"version-history":[{"count":0,"href":"https:\/\/locationdevelos.fr\/accueil\/wp-json\/wp\/v2\/pages\/372\/revisions"}],"wp:attachment":[{"href":"https:\/\/locationdevelos.fr\/accueil\/wp-json\/wp\/v2\/media?parent=372"}],"curies":[{"name":"wp","href":"https:\/\/api.w.org\/{rel}","templated":true}]}}